{"id":3854,"date":"2021-02-17T10:12:36","date_gmt":"2021-02-17T09:12:36","guid":{"rendered":"https:\/\/ringrunningseries.com\/about-us\/"},"modified":"2025-09-16T13:32:52","modified_gmt":"2025-09-16T11:32:52","slug":"about-us","status":"publish","type":"page","link":"https:\/\/ringrunningseries.com\/en\/about-us\/","title":{"rendered":"About Us"},"content":{"rendered":"\t\t<div data-elementor-type=\"wp-post\" data-elementor-id=\"3854\" class=\"elementor elementor-3854 elementor-1290\" data-elementor-post-type=\"page\">\n\t\t\t\t\t\t<section class=\"elementor-section elementor-top-section elementor-element elementor-element-e471cfd elementor-section-height-min-height elementor-section-boxed elementor-section-height-default elementor-section-items-middle\" data-id=\"e471cfd\" data-element_type=\"section\" data-settings=\"{&quot;background_background&quot;:&quot;classic&quot;}\">\n\t\t\t\t\t\t\t<div class=\"elementor-background-overlay\"><\/div>\n\t\t\t\t\t\t\t<div class=\"elementor-container elementor-column-gap-default\">\n\t\t\t\t\t<div class=\"elementor-column elementor-col-33 elementor-top-column elementor-element elementor-element-a020d90\" data-id=\"a020d90\" data-element_type=\"column\">\n\t\t\t<div class=\"elementor-widget-wrap\">\n\t\t\t\t\t\t\t<\/div>\n\t\t<\/div>\n\t\t\t\t<div class=\"elementor-column elementor-col-33 elementor-top-column elementor-element elementor-element-3b829a3\" data-id=\"3b829a3\" data-element_type=\"column\">\n\t\t\t<div class=\"elementor-widget-wrap elementor-element-populated\">\n\t\t\t\t\t\t<div class=\"elementor-element elementor-element-5357501 elementor-widget elementor-widget-heading\" data-id=\"5357501\" data-element_type=\"widget\" data-widget_type=\"heading.default\">\n\t\t\t\t<div class=\"elementor-widget-container\">\n\t\t\t\t\t<h1 class=\"elementor-heading-title elementor-size-xl\">About Us<\/h1>\t\t\t\t<\/div>\n\t\t\t\t<\/div>\n\t\t\t\t\t<\/div>\n\t\t<\/div>\n\t\t\t\t<div class=\"elementor-column elementor-col-33 elementor-top-column elementor-element elementor-element-b590d11\" data-id=\"b590d11\" data-element_type=\"column\">\n\t\t\t<div class=\"elementor-widget-wrap\">\n\t\t\t\t\t\t\t<\/div>\n\t\t<\/div>\n\t\t\t\t\t<\/div>\n\t\t<\/section>\n\t\t\t\t<section class=\"elementor-section elementor-top-section elementor-element elementor-element-160594f elementor-section-boxed elementor-section-height-default elementor-section-height-default\" data-id=\"160594f\" data-element_type=\"section\">\n\t\t\t\t\t\t<div class=\"elementor-container elementor-column-gap-default\">\n\t\t\t\t\t<div class=\"elementor-column elementor-col-100 elementor-top-column elementor-element elementor-element-00f3757\" data-id=\"00f3757\" data-element_type=\"column\">\n\t\t\t<div class=\"elementor-widget-wrap elementor-element-populated\">\n\t\t\t\t\t\t<div class=\"elementor-element elementor-element-6aa39b4 elementor-widget elementor-widget-spacer\" data-id=\"6aa39b4\" data-element_type=\"widget\" data-widget_type=\"spacer.default\">\n\t\t\t\t<div class=\"elementor-widget-container\">\n\t\t\t\t\t\t\t<div class=\"elementor-spacer\">\n\t\t\t<div class=\"elementor-spacer-inner\"><\/div>\n\t\t<\/div>\n\t\t\t\t\t\t<\/div>\n\t\t\t\t<\/div>\n\t\t\t\t\t<\/div>\n\t\t<\/div>\n\t\t\t\t\t<\/div>\n\t\t<\/section>\n\t\t\t\t<section class=\"elementor-section elementor-top-section elementor-element elementor-element-f82e728 elementor-section-boxed elementor-section-height-default elementor-section-height-default\" data-id=\"f82e728\" data-element_type=\"section\">\n\t\t\t\t\t\t<div class=\"elementor-container elementor-column-gap-default\">\n\t\t\t\t\t<div class=\"elementor-column elementor-col-100 elementor-top-column elementor-element elementor-element-a55edc8\" data-id=\"a55edc8\" data-element_type=\"column\">\n\t\t\t<div class=\"elementor-widget-wrap elementor-element-populated\">\n\t\t\t\t\t\t<div class=\"elementor-element elementor-element-aedc02b elementor-widget elementor-widget-text-editor\" data-id=\"aedc02b\" data-element_type=\"widget\" data-widget_type=\"text-editor.default\">\n\t\t\t\t<div class=\"elementor-widget-container\">\n\t\t\t\t\t\t\t\t\t<h3 style=\"text-align: center;\">How the Ring Running Series came about<br><\/h3>\n<p>Die Welt befand sich in einer besonderen Zeit. Einer Zeit, in der durch die COVID-19 Ma\u00dfnahmen nahezu alle Gro\u00dfveranstaltungen weltweit abgesagt wurden. Gro\u00dfveranstaltungen im \u00f6ffentlichen Raum, mit Zuschauern, oftmals mit zu wenig Platz, um die n\u00f6tigen Abstandsregelungen einzuhalten. Das, was wir so sehr lieben, war uns zu dieser Zeit kaum m\u00f6glich, in die Tat umzusetzen. Denn virtuell laufen \u2013 so ideal diese Alternative auch ist &#8211; ist eben nicht dasselbe.<\/p>\n<p>Es war im Herbst 2020, in dem wir alle schon m\u00fcde von den vielen Einschr\u00e4nkungen waren, und es nicht absehbar war, wann wir wieder unsere Leidenschaft aus\u00fcben k\u00f6nnen. In dem wir es vermissten, wieder Rennatmosph\u00e4re zu sp\u00fcren, die Spannung vor dem Start, das Adrenalin auf der Strecke, lachende Gesichter bei der \u00dcberquerung der Ziellinie, das gemeinsame Laufen. Wir waren sicher: es muss doch m\u00f6glich sein! Deshalb suchten wir nach einer M\u00f6glichkeit, um uns und vor allem euch wieder eine Veranstaltung bieten zu k\u00f6nnen, unter Einhaltung der notwendigen Ma\u00dfnahmen nat\u00fcrlich.<\/p>\n<p>Und so \u00fcberlegten wir: was brauchen wir? Ein strukturiertes und pandemieorientiertes Hygienekonzept, ausreichend Platz f\u00fcr die Logistik, ein abgeschlossenes Streckenareal, das ein zu hohes Zuschaueraufkommen entlang der Strecke kontrollieren oder gar vermeiden l\u00e4sst, um somit ein erh\u00f6htes Infektionsrisiko auszuschlie\u00dfen, und die zeitliche Entzerrung der gesamten Veranstaltung. Doch wo gibt es ein Gel\u00e4nde, das all dies erm\u00f6glicht? Und so dachten wir schnell an den Hockenheimring.<\/p>\n<p>Viele kennen den Hockenheimring als Formel 1- Rennstrecke oder Veranstaltungsort gro\u00dfer Konzerte. Doch er bietet viel mehr. Es gibt wohl keinen idealeren Ort: ein abgeschlossenes Gel\u00e4nde, gesicherte Streckenbedingungen, und viel Platz f\u00fcr alle logistischen Grundvoraussetzungen. Und er hat eine Geschichte. Er ist eine gro\u00dfartige Kulisse f\u00fcr ein Rennen. Die flache Strecke ist auch f\u00fcr L\u00e4ufer und L\u00e4uferinnen rekordverd\u00e4chtig. Emotionen und G\u00e4nsehaut sind garantiert \u2013 sp\u00e4testens beim \u00dcberqueren der original Formel 1 \u2013 Ziellinie!<\/p>\n<h3 style=\"text-align: center;\">The idea was born<\/h3>\n<p>We set about implementing it. We took advantage of the home office and video conferences and developed a detailed concept for the Ring Running Series.<\/p>\n<p>We &#8211; that is Bj\u00f6rn Steinmetz, Marion Hillenbrand, Victoria Hillenbrand and Ingo Wirth &#8211; have been active in endurance sports, primarily running, triathlon and swimming, for decades. Active on the one hand as competitive athletes, where we stand at the starting line ourselves. We love to face challenges, to work towards a goal and to do our best to achieve this goal and to bring a sense of achievement and joy not only to ourselves but also to fellow campaigners, coaches, colleagues, friends, partners, family.<\/p>\n<p>Active but also on the organizational side. Because we have turned our passion into a profession, even more: into a vocation and we can look back on more than 20 years of event experience in endurance sports.<\/p>\n<h3 style=\"text-align: center;\">Endlich wieder gemeinsam Laufen<br><\/h3>\n<p>Stolz k\u00f6nnen wir heute auf den 17. Oktober 2021 zur\u00fcckblicken. Auf den Tag, an dem die erste Ausgabe der Ring Running Series \u00fcber die Halbmarathon- und Marathon-Distanz stattfand. Es war fantastisch, endlich wieder in lachende Gesichter blicken zu k\u00f6nnen, gemeinsam zu laufen, Wettkampfatmosph\u00e4re zu sp\u00fcren. Leider mussten wir zwar auf die traditionellen Rahmenprogramme, die Get-Togethers und eine Messe verzichten. Aber euch ein sicheres Event bieten zu k\u00f6nnen, um euch das zu erm\u00f6glichen, worauf wir so lange gewartet hatten: gemeinsames Laufen &#8211; das war unser gr\u00f6\u00dftes Anliegen. <br><\/p>\n<h3 style=\"text-align: center;\">The look into the future<br><\/h3>\n<p>Your great feedback on site and to this day motivates us every day and we look forward to welcoming you to the second edition at the Hockenheimring on March 19, 2022. And even more: the third edition will follow on November 27th, and we want to celebrate the end of the season with you. <br><\/p>\n<p>Because the Hockenheimring also offers a great backdrop for running. Not only in terms of a safe venue in times of a pandemic. It&#8217;s much more a nostalgic racetrack, with the best conditions for new best times and records, with optimal logistical conditions for participants and spectators, with great potential for atmosphere and with the possibilities for supporting programs, activities and get-togethers.<br><\/p><div>We wish you a successful running season, stay healthy, and we look forward to welcoming you to the starting line at the Hockenheimring soon! <br><\/div><div><br><\/div><p>Your Ring Running Series team<\/p>\t\t\t\t\t\t\t\t<\/div>\n\t\t\t\t<\/div>\n\t\t\t\t\t<\/div>\n\t\t<\/div>\n\t\t\t\t\t<\/div>\n\t\t<\/section>\n\t\t\t\t<\/div>\n\t\t","protected":false},"excerpt":{"rendered":"<p>About Us How the Ring Running Series came about Die Welt befand sich in einer besonderen Zeit. Einer Zeit, in der durch die COVID-19 Ma\u00dfnahmen nahezu alle Gro\u00dfveranstaltungen weltweit abgesagt wurden. Gro\u00dfveranstaltungen im \u00f6ffentlichen Raum, mit Zuschauern, oftmals mit zu wenig Platz, um die n\u00f6tigen Abstandsregelungen einzuhalten. Das, was wir so sehr lieben, war uns [&hellip;]<\/p>\n","protected":false},"author":1,"featured_media":0,"parent":0,"menu_order":0,"comment_status":"closed","ping_status":"closed","template":"page-templates\/pagebuilder.php","meta":{"zakra_sidebar_layout":"customizer","zakra_remove_content_margin":false,"zakra_sidebar":"customizer","zakra_transparent_header":"customizer","zakra_logo":0,"zakra_main_header_style":"default","zakra_menu_item_color":"","zakra_menu_item_hover_color":"","zakra_menu_item_active_color":"","zakra_menu_active_style":"","zakra_page_header":true,"footnotes":""},"class_list":["post-3854","page","type-page","status-publish","hentry"],"_links":{"self":[{"href":"https:\/\/ringrunningseries.com\/en\/wp-json\/wp\/v2\/pages\/3854","targetHints":{"allow":["GET"]}}],"collection":[{"href":"https:\/\/ringrunningseries.com\/en\/wp-json\/wp\/v2\/pages"}],"about":[{"href":"https:\/\/ringrunningseries.com\/en\/wp-json\/wp\/v2\/types\/page"}],"author":[{"embeddable":true,"href":"https:\/\/ringrunningseries.com\/en\/wp-json\/wp\/v2\/users\/1"}],"replies":[{"embeddable":true,"href":"https:\/\/ringrunningseries.com\/en\/wp-json\/wp\/v2\/comments?post=3854"}],"version-history":[{"count":10,"href":"https:\/\/ringrunningseries.com\/en\/wp-json\/wp\/v2\/pages\/3854\/revisions"}],"predecessor-version":[{"id":6123,"href":"https:\/\/ringrunningseries.com\/en\/wp-json\/wp\/v2\/pages\/3854\/revisions\/6123"}],"wp:attachment":[{"href":"https:\/\/ringrunningseries.com\/en\/wp-json\/wp\/v2\/media?parent=3854"}],"curies":[{"name":"wp","href":"https:\/\/api.w.org\/{rel}","templated":true}]}}